{"id":2074,"date":"2021-09-15T09:36:26","date_gmt":"2021-09-15T09:36:26","guid":{"rendered":"https:\/\/lombardagraniti.it\/carreaux\/"},"modified":"2022-05-16T07:32:14","modified_gmt":"2022-05-16T07:32:14","slug":"carreaux","status":"publish","type":"page","link":"https:\/\/lombardagraniti.it\/fr\/carreaux\/","title":{"rendered":"Dalles"},"content":{"rendered":"<p>[et_pb_section fb_built=\u00a0\u00bb1&Prime; fullwidth=\u00a0\u00bbon\u00a0\u00bb _builder_version=\u00a0\u00bb4.9.9&Prime; _module_preset=\u00a0\u00bbdefault\u00a0\u00bb][et_pb_fullwidth_slider disabled_on=\u00a0\u00bboff|off|off\u00a0\u00bb module_class=\u00a0\u00bbheader-inpage\u00a0\u00bb _builder_version=\u00a0\u00bb4.9.9&Prime; _module_preset=\u00a0\u00bbdefault\u00a0\u00bb height=\u00a0\u00bb400px\u00a0\u00bb][et_pb_slide _builder_version=\u00a0\u00bb4.9.9&Prime; _module_preset=\u00a0\u00bbdefault\u00a0\u00bb background_enable_color=\u00a0\u00bboff\u00a0\u00bb background_image=\u00a0\u00bbhttp:\/\/lombardagraniti.it\/wp-content\/uploads\/2021\/09\/lombardagraniti-piastrelle-header.jpg\u00a0\u00bb background_enable_image=\u00a0\u00bbon\u00a0\u00bb parallax=\u00a0\u00bbon\u00a0\u00bb sticky_transition=\u00a0\u00bbon\u00a0\u00bb][\/et_pb_slide][\/et_pb_fullwidth_slider][\/et_pb_section][et_pb_section fb_built=\u00a0\u00bb1&Prime; _builder_version=\u00a0\u00bb4.9.9&Prime; _module_preset=\u00a0\u00bbdefault\u00a0\u00bb custom_padding=\u00a0\u00bb100px||0px||false|false\u00a0\u00bb][et_pb_row column_structure=\u00a0\u00bb3_5,2_5&Prime; make_equal=\u00a0\u00bbon\u00a0\u00bb module_class=\u00a0\u00bbcol-v-align\u00a0\u00bb _builder_version=\u00a0\u00bb4.9.9&Prime; _module_preset=\u00a0\u00bbdefault\u00a0\u00bb max_width=\u00a0\u00bb100%\u00a0\u00bb][et_pb_column type=\u00a0\u00bb3_5&Prime; module_class=\u00a0\u00bbcol-w-button\u00a0\u00bb _builder_version=\u00a0\u00bb4.9.9&Prime; _module_preset=\u00a0\u00bbdefault\u00a0\u00bb][et_pb_text module_class=\u00a0\u00bbtitle-page\u00a0\u00bb _builder_version=\u00a0\u00bb4.9.9&Prime; _module_preset=\u00a0\u00bbdefault\u00a0\u00bb animation_style=\u00a0\u00bbslide\u00a0\u00bb animation_direction=\u00a0\u00bbleft\u00a0\u00bb hover_enabled=\u00a0\u00bb0&Prime; sticky_enabled=\u00a0\u00bb0&Prime;]<\/p>\n<h2>Dalles<\/h2>\n<p><strong>Les dalles, une solution parfaite, qui allie esth\u00e9tisme et qualit\u00e9. <\/strong><\/p>\n<p>Que ce soit pour votre terrasse, un contour de piscine, un trottoir ou une place, la r\u00e9alisation en dalles donnera originalit\u00e9 et \u00e9l\u00e9gance \u00e0 vos espaces ext\u00e9rieurs et int\u00e9rieurs.<\/p>\n<p><strong>LOMBARDA GRANITI<\/strong>, trouvera la solution la mieux adapt\u00e9e \u00e0 vos besoins pour la pose de carreaux en <strong>granit<\/strong>, <strong>porphyre<\/strong> ou <strong>pierre<\/strong> de <strong>Luzerne<\/strong>, en s&rsquo;appuyant sur diff\u00e9rentes tailles, \u00e9paisseurs et proc\u00e9d\u00e9s.<br \/>\nFaites-nous part de votre projet, nos professionnels sont disponibles pour r\u00e9pondre \u00e0 tous vos besoins.<\/p>\n<h3>POSE DES DALLES<\/h3>\n<p>La pose des dalles dans les zones r\u00e9serv\u00e9es au passage des pi\u00e9tons peut \u00e9galement \u00eatre r\u00e9alis\u00e9e sans joints (adh\u00e9rents), cependant, dans le cas de zones \u00e0 passage mixte pi\u00e9tons et v\u00e9hicules, pour assurer la stabilit\u00e9 du rev\u00eatement de sol, il est n\u00e9cessaire de poser les dalles avec un joint large d&rsquo;au moins 7\/10 mm afin de permettre au coulis de ciment tr\u00e8s liquide de p\u00e9n\u00e9trer dans les joints jusqu&rsquo;en profondeur et aussi en dessous dans les \u00e9ventuelles cavit\u00e9s du mat\u00e9riau.<\/p>\n<p>Nettoyage final avec lavage \u00e0 pression rasante ou machine \u00e0 \u00e9ponge rotative.[\/et_pb_text][\/et_pb_column][et_pb_column type=\u00a0\u00bb2_5&Prime; module_class=\u00a0\u00bbcol-w-button\u00a0\u00bb _builder_version=\u00a0\u00bb4.9.9&Prime; _module_preset=\u00a0\u00bbdefault\u00a0\u00bb][et_pb_code _builder_version=\u00a0\u00bb4.9.9&Prime; _module_preset=\u00a0\u00bbdefault\u00a0\u00bb animation_style=\u00a0\u00bbslide\u00a0\u00bb animation_direction=\u00a0\u00bbtop\u00a0\u00bb animation_delay=\u00a0\u00bb500ms\u00a0\u00bb]<pee class=\"title-little-list\"><!-- [et_pb_line_break_holder] --> Disponible dans les mat\u00e9riaux suivants :<!-- [et_pb_line_break_holder] --><\/pee><!-- [et_pb_line_break_holder] --><\/p>\n<ul class=\"list-category\"><!-- [et_pb_line_break_holder] -->   <\/p>\n<li><i class=\"far fa-circle\"><\/i>Granit<\/li>\n<p><!-- [et_pb_line_break_holder] -->   <\/p>\n<li><i class=\"far fa-circle\"><\/i>Porphyre<\/li>\n<p><!-- [et_pb_line_break_holder] -->  <\/p>\n<li><i class=\"far fa-circle\"><\/i>Pierre de luserna<\/li>\n<p><!-- [et_pb_line_break_holder] -->  <\/p>\n<li><i class=\"far fa-circle\"><\/i>Basalte<\/li>\n<p><!-- [et_pb_line_break_holder] --><\/ul>\n<p>[\/et_pb_code][et_pb_button button_url=\u00a0\u00bb@ET-DC@eyJkeW5hbWljIjp0cnVlLCJjb250ZW50IjoicG9zdF9saW5rX3VybF9wYWdlIiwic2V0dGluZ3MiOnsicG9zdF9pZCI6IjkifX0=@\u00a0\u00bb button_text=\u00a0\u00bbContactez-nous\u00a0\u00bb module_class=\u00a0\u00bbbutton-style\u00a0\u00bb _builder_version=\u00a0\u00bb4.9.9&Prime; _dynamic_attributes=\u00a0\u00bbbutton_url\u00a0\u00bb _module_preset=\u00a0\u00bbdefault\u00a0\u00bb custom_button=\u00a0\u00bbon\u00a0\u00bb button_use_icon=\u00a0\u00bboff\u00a0\u00bb custom_padding=\u00a0\u00bb10px|40px|10px|40px|true|true\u00a0\u00bb animation_style=\u00a0\u00bbslide\u00a0\u00bb animation_direction=\u00a0\u00bbtop\u00a0\u00bb animation_delay=\u00a0\u00bb1000ms\u00a0\u00bb][\/et_pb_button][\/et_pb_column][\/et_pb_row][\/et_pb_section][et_pb_section fb_built=\u00a0\u00bb1&Prime; _builder_version=\u00a0\u00bb4.9.9&Prime; _module_preset=\u00a0\u00bbdefault\u00a0\u00bb custom_padding=\u00a0\u00bb||100px||false|false\u00a0\u00bb][et_pb_row use_custom_gutter=\u00a0\u00bbon\u00a0\u00bb gutter_width=\u00a0\u00bb1&Prime; make_equal=\u00a0\u00bbon\u00a0\u00bb module_class=\u00a0\u00bbgallery-row\u00a0\u00bb _builder_version=\u00a0\u00bb4.9.9&Prime; _module_preset=\u00a0\u00bbdefault\u00a0\u00bb max_width=\u00a0\u00bb100%\u00a0\u00bb][et_pb_column type=\u00a0\u00bb4_4&Prime; _builder_version=\u00a0\u00bb4.9.9&Prime; _module_preset=\u00a0\u00bbdefault\u00a0\u00bb][et_pb_gallery gallery_ids=\u00a0\u00bb1855,1857,1859,1861,1469,1863,1437,1441,1461,1865,1521,1867,1463,1869,1445,1925&Prime; posts_number=\u00a0\u00bb32&Prime; show_title_and_caption=\u00a0\u00bboff\u00a0\u00bb show_pagination=\u00a0\u00bboff\u00a0\u00bb _builder_version=\u00a0\u00bb4.9.9&Prime; _module_preset=\u00a0\u00bbdefault\u00a0\u00bb][\/et_pb_gallery][\/et_pb_column][\/et_pb_row][\/et_pb_section]<\/p>\n","protected":false},"excerpt":{"rendered":"<p>[et_pb_section fb_built=\u00a0\u00bb1&Prime; fullwidth=\u00a0\u00bbon\u00a0\u00bb _builder_version=\u00a0\u00bb4.9.9&Prime; _module_preset=\u00a0\u00bbdefault\u00a0\u00bb][et_pb_fullwidth_slider disabled_on=\u00a0\u00bboff|off|off\u00a0\u00bb module_class=\u00a0\u00bbheader-inpage\u00a0\u00bb _builder_version=\u00a0\u00bb4.9.9&Prime; _module_preset=\u00a0\u00bbdefault\u00a0\u00bb height=\u00a0\u00bb400px\u00a0\u00bb][et_pb_slide _builder_version=\u00a0\u00bb4.9.9&Prime; _module_preset=\u00a0\u00bbdefault\u00a0\u00bb background_enable_color=\u00a0\u00bboff\u00a0\u00bb background_image=\u00a0\u00bbhttp:\/\/lombardagraniti.it\/wp-content\/uploads\/2021\/09\/lombardagraniti-piastrelle-header.jpg\u00a0\u00bb background_enable_image=\u00a0\u00bbon\u00a0\u00bb parallax=\u00a0\u00bbon\u00a0\u00bb sticky_transition=\u00a0\u00bbon\u00a0\u00bb][\/et_pb_slide][\/et_pb_fullwidth_slider][\/et_pb_section][et_pb_section fb_built=\u00a0\u00bb1&Prime; _builder_version=\u00a0\u00bb4.9.9&Prime; _module_preset=\u00a0\u00bbdefault\u00a0\u00bb custom_padding=\u00a0\u00bb100px||0px||false|false\u00a0\u00bb][et_pb_row column_structure=\u00a0\u00bb3_5,2_5&Prime; make_equal=\u00a0\u00bbon\u00a0\u00bb module_class=\u00a0\u00bbcol-v-align\u00a0\u00bb _builder_version=\u00a0\u00bb4.9.9&Prime; _module_preset=\u00a0\u00bbdefault\u00a0\u00bb max_width=\u00a0\u00bb100%\u00a0\u00bb][et_pb_column type=\u00a0\u00bb3_5&Prime; module_class=\u00a0\u00bbcol-w-button\u00a0\u00bb _builder_version=\u00a0\u00bb4.9.9&Prime; _module_preset=\u00a0\u00bbdefault\u00a0\u00bb][et_pb_text module_class=\u00a0\u00bbtitle-page\u00a0\u00bb _builder_version=\u00a0\u00bb4.9.9&Prime; _module_preset=\u00a0\u00bbdefault\u00a0\u00bb animation_style=\u00a0\u00bbslide\u00a0\u00bb animation_direction=\u00a0\u00bbleft\u00a0\u00bb hover_enabled=\u00a0\u00bb0&Prime; sticky_enabled=\u00a0\u00bb0&Prime;] Dalles Les dalles, une solution parfaite, qui allie esth\u00e9tisme et qualit\u00e9. Que ce soit pour votre terrasse, [&hellip;]<\/p>\n","protected":false},"author":1,"featured_media":0,"parent":0,"menu_order":0,"comment_status":"closed","ping_status":"closed","template":"","meta":{"_et_pb_use_builder":"on","_et_pb_old_content":"","_et_gb_content_width":""},"yoast_head":"<!-- This site is optimized with the Yoast SEO plugin v18.8 - https:\/\/yoast.com\/wordpress\/plugins\/seo\/ -->\n<title>Dalles - Lombarda graniti<\/title>\n<meta name=\"robots\" content=\"index, follow, max-snippet:-1, max-image-preview:large, max-video-preview:-1\" \/>\n<link rel=\"canonical\" href=\"https:\/\/lombardagraniti.it\/fr\/carreaux\/\" \/>\n<meta property=\"og:locale\" content=\"fr_FR\" \/>\n<meta property=\"og:type\" content=\"article\" \/>\n<meta property=\"og:title\" content=\"Dalles - Lombarda graniti\" \/>\n<meta property=\"og:description\" content=\"[et_pb_section fb_built=\u00a0\u00bb1&Prime; fullwidth=\u00a0\u00bbon\u00a0\u00bb _builder_version=\u00a0\u00bb4.9.9&Prime; _module_preset=\u00a0\u00bbdefault\u00a0\u00bb][et_pb_fullwidth_slider disabled_on=\u00a0\u00bboff|off|off\u00a0\u00bb module_class=\u00a0\u00bbheader-inpage\u00a0\u00bb _builder_version=\u00a0\u00bb4.9.9&Prime; _module_preset=\u00a0\u00bbdefault\u00a0\u00bb height=\u00a0\u00bb400px\u00a0\u00bb][et_pb_slide _builder_version=\u00a0\u00bb4.9.9&Prime; _module_preset=\u00a0\u00bbdefault\u00a0\u00bb background_enable_color=\u00a0\u00bboff\u00a0\u00bb background_image=\u00a0\u00bbhttp:\/\/lombardagraniti.it\/wp-content\/uploads\/2021\/09\/lombardagraniti-piastrelle-header.jpg\u00a0\u00bb background_enable_image=\u00a0\u00bbon\u00a0\u00bb parallax=\u00a0\u00bbon\u00a0\u00bb sticky_transition=\u00a0\u00bbon\u00a0\u00bb][\/et_pb_slide][\/et_pb_fullwidth_slider][\/et_pb_section][et_pb_section fb_built=\u00a0\u00bb1&Prime; _builder_version=\u00a0\u00bb4.9.9&Prime; _module_preset=\u00a0\u00bbdefault\u00a0\u00bb custom_padding=\u00a0\u00bb100px||0px||false|false\u00a0\u00bb][et_pb_row column_structure=\u00a0\u00bb3_5,2_5&Prime; make_equal=\u00a0\u00bbon\u00a0\u00bb module_class=\u00a0\u00bbcol-v-align\u00a0\u00bb _builder_version=\u00a0\u00bb4.9.9&Prime; _module_preset=\u00a0\u00bbdefault\u00a0\u00bb max_width=\u00a0\u00bb100%\u00a0\u00bb][et_pb_column type=\u00a0\u00bb3_5&Prime; module_class=\u00a0\u00bbcol-w-button\u00a0\u00bb _builder_version=\u00a0\u00bb4.9.9&Prime; _module_preset=\u00a0\u00bbdefault\u00a0\u00bb][et_pb_text module_class=\u00a0\u00bbtitle-page\u00a0\u00bb _builder_version=\u00a0\u00bb4.9.9&Prime; _module_preset=\u00a0\u00bbdefault\u00a0\u00bb animation_style=\u00a0\u00bbslide\u00a0\u00bb animation_direction=\u00a0\u00bbleft\u00a0\u00bb hover_enabled=\u00a0\u00bb0&Prime; sticky_enabled=\u00a0\u00bb0&Prime;] Dalles Les dalles, une solution parfaite, qui allie esth\u00e9tisme et qualit\u00e9. Que ce soit pour votre terrasse, [&hellip;]\" \/>\n<meta property=\"og:url\" content=\"https:\/\/lombardagraniti.it\/fr\/carreaux\/\" \/>\n<meta property=\"og:site_name\" content=\"Lombarda graniti\" \/>\n<meta property=\"article:modified_time\" content=\"2022-05-16T07:32:14+00:00\" \/>\n<meta name=\"twitter:card\" content=\"summary_large_image\" \/>\n<meta name=\"twitter:label1\" content=\"Dur\u00e9e de lecture estim\u00e9e\" \/>\n\t<meta name=\"twitter:data1\" content=\"3 minutes\" \/>\n<script type=\"application\/ld+json\" class=\"yoast-schema-graph\">{\"@context\":\"https:\/\/schema.org\",\"@graph\":[{\"@type\":\"WebSite\",\"@id\":\"https:\/\/lombardagraniti.it\/#website\",\"url\":\"https:\/\/lombardagraniti.it\/\",\"name\":\"Lombarda graniti\",\"description\":\"Pietre porfidi Srl\",\"potentialAction\":[{\"@type\":\"SearchAction\",\"target\":{\"@type\":\"EntryPoint\",\"urlTemplate\":\"https:\/\/lombardagraniti.it\/?s={search_term_string}\"},\"query-input\":\"required name=search_term_string\"}],\"inLanguage\":\"fr-FR\"},{\"@type\":\"WebPage\",\"@id\":\"https:\/\/lombardagraniti.it\/fr\/carreaux\/#webpage\",\"url\":\"https:\/\/lombardagraniti.it\/fr\/carreaux\/\",\"name\":\"Dalles - Lombarda graniti\",\"isPartOf\":{\"@id\":\"https:\/\/lombardagraniti.it\/#website\"},\"datePublished\":\"2021-09-15T09:36:26+00:00\",\"dateModified\":\"2022-05-16T07:32:14+00:00\",\"breadcrumb\":{\"@id\":\"https:\/\/lombardagraniti.it\/fr\/carreaux\/#breadcrumb\"},\"inLanguage\":\"fr-FR\",\"potentialAction\":[{\"@type\":\"ReadAction\",\"target\":[\"https:\/\/lombardagraniti.it\/fr\/carreaux\/\"]}]},{\"@type\":\"BreadcrumbList\",\"@id\":\"https:\/\/lombardagraniti.it\/fr\/carreaux\/#breadcrumb\",\"itemListElement\":[{\"@type\":\"ListItem\",\"position\":1,\"name\":\"Home\",\"item\":\"https:\/\/lombardagraniti.it\/fr\/home\/\"},{\"@type\":\"ListItem\",\"position\":2,\"name\":\"Dalles\"}]}]}<\/script>\n<!-- \/ Yoast SEO plugin. -->","yoast_head_json":{"title":"Dalles - Lombarda graniti","robots":{"index":"index","follow":"follow","max-snippet":"max-snippet:-1","max-image-preview":"max-image-preview:large","max-video-preview":"max-video-preview:-1"},"canonical":"https:\/\/lombardagraniti.it\/fr\/carreaux\/","og_locale":"fr_FR","og_type":"article","og_title":"Dalles - Lombarda graniti","og_description":"[et_pb_section fb_built=\u00a0\u00bb1&Prime; fullwidth=\u00a0\u00bbon\u00a0\u00bb _builder_version=\u00a0\u00bb4.9.9&Prime; _module_preset=\u00a0\u00bbdefault\u00a0\u00bb][et_pb_fullwidth_slider disabled_on=\u00a0\u00bboff|off|off\u00a0\u00bb module_class=\u00a0\u00bbheader-inpage\u00a0\u00bb _builder_version=\u00a0\u00bb4.9.9&Prime; _module_preset=\u00a0\u00bbdefault\u00a0\u00bb height=\u00a0\u00bb400px\u00a0\u00bb][et_pb_slide _builder_version=\u00a0\u00bb4.9.9&Prime; _module_preset=\u00a0\u00bbdefault\u00a0\u00bb background_enable_color=\u00a0\u00bboff\u00a0\u00bb background_image=\u00a0\u00bbhttp:\/\/lombardagraniti.it\/wp-content\/uploads\/2021\/09\/lombardagraniti-piastrelle-header.jpg\u00a0\u00bb background_enable_image=\u00a0\u00bbon\u00a0\u00bb parallax=\u00a0\u00bbon\u00a0\u00bb sticky_transition=\u00a0\u00bbon\u00a0\u00bb][\/et_pb_slide][\/et_pb_fullwidth_slider][\/et_pb_section][et_pb_section fb_built=\u00a0\u00bb1&Prime; _builder_version=\u00a0\u00bb4.9.9&Prime; _module_preset=\u00a0\u00bbdefault\u00a0\u00bb custom_padding=\u00a0\u00bb100px||0px||false|false\u00a0\u00bb][et_pb_row column_structure=\u00a0\u00bb3_5,2_5&Prime; make_equal=\u00a0\u00bbon\u00a0\u00bb module_class=\u00a0\u00bbcol-v-align\u00a0\u00bb _builder_version=\u00a0\u00bb4.9.9&Prime; _module_preset=\u00a0\u00bbdefault\u00a0\u00bb max_width=\u00a0\u00bb100%\u00a0\u00bb][et_pb_column type=\u00a0\u00bb3_5&Prime; module_class=\u00a0\u00bbcol-w-button\u00a0\u00bb _builder_version=\u00a0\u00bb4.9.9&Prime; _module_preset=\u00a0\u00bbdefault\u00a0\u00bb][et_pb_text module_class=\u00a0\u00bbtitle-page\u00a0\u00bb _builder_version=\u00a0\u00bb4.9.9&Prime; _module_preset=\u00a0\u00bbdefault\u00a0\u00bb animation_style=\u00a0\u00bbslide\u00a0\u00bb animation_direction=\u00a0\u00bbleft\u00a0\u00bb hover_enabled=\u00a0\u00bb0&Prime; sticky_enabled=\u00a0\u00bb0&Prime;] Dalles Les dalles, une solution parfaite, qui allie esth\u00e9tisme et qualit\u00e9. Que ce soit pour votre terrasse, [&hellip;]","og_url":"https:\/\/lombardagraniti.it\/fr\/carreaux\/","og_site_name":"Lombarda graniti","article_modified_time":"2022-05-16T07:32:14+00:00","twitter_card":"summary_large_image","twitter_misc":{"Dur\u00e9e de lecture estim\u00e9e":"3 minutes"},"schema":{"@context":"https:\/\/schema.org","@graph":[{"@type":"WebSite","@id":"https:\/\/lombardagraniti.it\/#website","url":"https:\/\/lombardagraniti.it\/","name":"Lombarda graniti","description":"Pietre porfidi Srl","potentialAction":[{"@type":"SearchAction","target":{"@type":"EntryPoint","urlTemplate":"https:\/\/lombardagraniti.it\/?s={search_term_string}"},"query-input":"required name=search_term_string"}],"inLanguage":"fr-FR"},{"@type":"WebPage","@id":"https:\/\/lombardagraniti.it\/fr\/carreaux\/#webpage","url":"https:\/\/lombardagraniti.it\/fr\/carreaux\/","name":"Dalles - Lombarda graniti","isPartOf":{"@id":"https:\/\/lombardagraniti.it\/#website"},"datePublished":"2021-09-15T09:36:26+00:00","dateModified":"2022-05-16T07:32:14+00:00","breadcrumb":{"@id":"https:\/\/lombardagraniti.it\/fr\/carreaux\/#breadcrumb"},"inLanguage":"fr-FR","potentialAction":[{"@type":"ReadAction","target":["https:\/\/lombardagraniti.it\/fr\/carreaux\/"]}]},{"@type":"BreadcrumbList","@id":"https:\/\/lombardagraniti.it\/fr\/carreaux\/#breadcrumb","itemListElement":[{"@type":"ListItem","position":1,"name":"Home","item":"https:\/\/lombardagraniti.it\/fr\/home\/"},{"@type":"ListItem","position":2,"name":"Dalles"}]}]}},"_links":{"self":[{"href":"https:\/\/lombardagraniti.it\/fr\/wp-json\/wp\/v2\/pages\/2074"}],"collection":[{"href":"https:\/\/lombardagraniti.it\/fr\/wp-json\/wp\/v2\/pages"}],"about":[{"href":"https:\/\/lombardagraniti.it\/fr\/wp-json\/wp\/v2\/types\/page"}],"author":[{"embeddable":true,"href":"https:\/\/lombardagraniti.it\/fr\/wp-json\/wp\/v2\/users\/1"}],"replies":[{"embeddable":true,"href":"https:\/\/lombardagraniti.it\/fr\/wp-json\/wp\/v2\/comments?post=2074"}],"version-history":[{"count":17,"href":"https:\/\/lombardagraniti.it\/fr\/wp-json\/wp\/v2\/pages\/2074\/revisions"}],"predecessor-version":[{"id":2404,"href":"https:\/\/lombardagraniti.it\/fr\/wp-json\/wp\/v2\/pages\/2074\/revisions\/2404"}],"wp:attachment":[{"href":"https:\/\/lombardagraniti.it\/fr\/wp-json\/wp\/v2\/media?parent=2074"}],"curies":[{"name":"wp","href":"https:\/\/api.w.org\/{rel}","templated":true}]}}