{"id":2077,"date":"2021-09-15T10:06:57","date_gmt":"2021-09-15T10:06:57","guid":{"rendered":"https:\/\/lombardagraniti.it\/mosaique\/"},"modified":"2022-05-18T12:56:32","modified_gmt":"2022-05-18T12:56:32","slug":"mosaique","status":"publish","type":"page","link":"https:\/\/lombardagraniti.it\/fr\/mosaique\/","title":{"rendered":"Mosa\u00efque"},"content":{"rendered":"<p>[et_pb_section fb_built=\u00a0\u00bb1&Prime; fullwidth=\u00a0\u00bbon\u00a0\u00bb _builder_version=\u00a0\u00bb4.9.9&Prime; _module_preset=\u00a0\u00bbdefault\u00a0\u00bb][et_pb_fullwidth_slider disabled_on=\u00a0\u00bboff|off|off\u00a0\u00bb module_class=\u00a0\u00bbheader-inpage\u00a0\u00bb _builder_version=\u00a0\u00bb4.9.9&Prime; _module_preset=\u00a0\u00bbdefault\u00a0\u00bb height=\u00a0\u00bb400px\u00a0\u00bb][et_pb_slide _builder_version=\u00a0\u00bb4.9.9&Prime; _module_preset=\u00a0\u00bbdefault\u00a0\u00bb background_enable_color=\u00a0\u00bboff\u00a0\u00bb background_image=\u00a0\u00bbhttp:\/\/lombardagraniti.it\/wp-content\/uploads\/2021\/09\/mosaico-header.jpg\u00a0\u00bb background_enable_image=\u00a0\u00bbon\u00a0\u00bb parallax=\u00a0\u00bbon\u00a0\u00bb sticky_transition=\u00a0\u00bbon\u00a0\u00bb][\/et_pb_slide][\/et_pb_fullwidth_slider][\/et_pb_section][et_pb_section fb_built=\u00a0\u00bb1&Prime; _builder_version=\u00a0\u00bb4.9.9&Prime; _module_preset=\u00a0\u00bbdefault\u00a0\u00bb custom_padding=\u00a0\u00bb100px||0px||false|false\u00a0\u00bb][et_pb_row column_structure=\u00a0\u00bb3_5,2_5&Prime; make_equal=\u00a0\u00bbon\u00a0\u00bb module_class=\u00a0\u00bbcol-v-align\u00a0\u00bb _builder_version=\u00a0\u00bb4.9.9&Prime; _module_preset=\u00a0\u00bbdefault\u00a0\u00bb max_width=\u00a0\u00bb100%\u00a0\u00bb][et_pb_column type=\u00a0\u00bb3_5&Prime; module_class=\u00a0\u00bbcol-w-button\u00a0\u00bb _builder_version=\u00a0\u00bb4.9.9&Prime; _module_preset=\u00a0\u00bbdefault\u00a0\u00bb][et_pb_text module_class=\u00a0\u00bbtitle-page\u00a0\u00bb _builder_version=\u00a0\u00bb4.9.9&Prime; _module_preset=\u00a0\u00bbdefault\u00a0\u00bb animation_style=\u00a0\u00bbslide\u00a0\u00bb animation_direction=\u00a0\u00bbleft\u00a0\u00bb hover_enabled=\u00a0\u00bb0&Prime; sticky_enabled=\u00a0\u00bb0&Prime;]<\/p>\n<h2>Mosa\u00efque<\/h2>\n<p><strong>Originalit\u00e9 et tradition<\/strong><\/p>\n<p>Celle de la mosa\u00efque, aussi appel\u00e9e \u00ab opus incertum \u00bb ou \u00ab palladienne \u00bb, est une technique ancienne qui implique l&rsquo;utilisation de dalles de diff\u00e9rentes tailles, pos\u00e9es sans ordre g\u00e9om\u00e9trique pr\u00e9cis.<\/p>\n<p>La forme et la pose irr\u00e9guli\u00e8res rendent ce type de rev\u00eatement de sol unique et dynamique, qui trouve \u00e9galement une place suffisante dans le rev\u00eatement des murs et des colonnes.<\/p>\n<p>Nos installateurs qualifi\u00e9s sauront tirer le meilleur parti de la technique pour rendre vos espaces ext\u00e9rieurs uniques et originaux.<br \/><strong>LOMBARDA GRANITI<\/strong> vous propose des dalles de diff\u00e9rents mat\u00e9riaux, dimensions et \u00e9paisseurs pour la construction de votre sol.<\/p>\n<p>[\/et_pb_text][\/et_pb_column][et_pb_column type=\u00a0\u00bb2_5&Prime; module_class=\u00a0\u00bbcol-w-button\u00a0\u00bb _builder_version=\u00a0\u00bb4.9.9&Prime; _module_preset=\u00a0\u00bbdefault\u00a0\u00bb][et_pb_code _builder_version=\u00a0\u00bb4.9.9&Prime; _module_preset=\u00a0\u00bbdefault\u00a0\u00bb animation_style=\u00a0\u00bbslide\u00a0\u00bb animation_direction=\u00a0\u00bbtop\u00a0\u00bb animation_delay=\u00a0\u00bb500ms\u00a0\u00bb]<pee class=\"title-little-list\"><!-- [et_pb_line_break_holder] --> Disponible dans les mat\u00e9riaux suivants :<!-- [et_pb_line_break_holder] --><\/pee><!-- [et_pb_line_break_holder] --><\/p>\n<ul class=\"list-category\"><!-- [et_pb_line_break_holder] -->  <\/p>\n<li><i class=\"far fa-circle\"><\/i>Porphyre<\/li>\n<p><!-- [et_pb_line_break_holder] -->   <\/p>\n<li><i class=\"far fa-circle\"><\/i>Pierre de \u00ab\u00a0Luserna\u00a0\u00bb<\/li>\n<p><!-- [et_pb_line_break_holder] --><\/ul>\n<p>[\/et_pb_code][et_pb_button button_url=\u00a0\u00bb@ET-DC@eyJkeW5hbWljIjp0cnVlLCJjb250ZW50IjoicG9zdF9saW5rX3VybF9wYWdlIiwic2V0dGluZ3MiOnsicG9zdF9pZCI6IjkifX0=@\u00a0\u00bb button_text=\u00a0\u00bbContactez-nous\u00a0\u00bb module_class=\u00a0\u00bbbutton-style\u00a0\u00bb _builder_version=\u00a0\u00bb4.9.9&Prime; _dynamic_attributes=\u00a0\u00bbbutton_url\u00a0\u00bb _module_preset=\u00a0\u00bbdefault\u00a0\u00bb custom_button=\u00a0\u00bbon\u00a0\u00bb button_use_icon=\u00a0\u00bboff\u00a0\u00bb custom_padding=\u00a0\u00bb10px|40px|10px|40px|true|true\u00a0\u00bb animation_style=\u00a0\u00bbslide\u00a0\u00bb animation_direction=\u00a0\u00bbtop\u00a0\u00bb animation_delay=\u00a0\u00bb1000ms\u00a0\u00bb][\/et_pb_button][\/et_pb_column][\/et_pb_row][\/et_pb_section][et_pb_section fb_built=\u00a0\u00bb1&Prime; _builder_version=\u00a0\u00bb4.9.9&Prime; _module_preset=\u00a0\u00bbdefault\u00a0\u00bb custom_padding=\u00a0\u00bb||100px||false|false\u00a0\u00bb][et_pb_row use_custom_gutter=\u00a0\u00bbon\u00a0\u00bb gutter_width=\u00a0\u00bb1&Prime; make_equal=\u00a0\u00bbon\u00a0\u00bb module_class=\u00a0\u00bbgallery-row\u00a0\u00bb _builder_version=\u00a0\u00bb4.9.9&Prime; _module_preset=\u00a0\u00bbdefault\u00a0\u00bb max_width=\u00a0\u00bb100%\u00a0\u00bb][et_pb_column type=\u00a0\u00bb4_4&Prime; _builder_version=\u00a0\u00bb4.9.9&Prime; _module_preset=\u00a0\u00bbdefault\u00a0\u00bb][et_pb_gallery gallery_ids=\u00a0\u00bb1711,1523,1527,1529,1531,1533,1535,1537,1539,1541,1543,1545&Prime; posts_number=\u00a0\u00bb16&Prime; show_title_and_caption=\u00a0\u00bboff\u00a0\u00bb show_pagination=\u00a0\u00bboff\u00a0\u00bb disabled_on=\u00a0\u00bboff|off|off\u00a0\u00bb _builder_version=\u00a0\u00bb4.9.9&Prime; _module_preset=\u00a0\u00bbdefault\u00a0\u00bb][\/et_pb_gallery][\/et_pb_column][\/et_pb_row][\/et_pb_section]<\/p>\n","protected":false},"excerpt":{"rendered":"<p>[et_pb_section fb_built=\u00a0\u00bb1&Prime; fullwidth=\u00a0\u00bbon\u00a0\u00bb _builder_version=\u00a0\u00bb4.9.9&Prime; _module_preset=\u00a0\u00bbdefault\u00a0\u00bb][et_pb_fullwidth_slider disabled_on=\u00a0\u00bboff|off|off\u00a0\u00bb module_class=\u00a0\u00bbheader-inpage\u00a0\u00bb _builder_version=\u00a0\u00bb4.9.9&Prime; _module_preset=\u00a0\u00bbdefault\u00a0\u00bb height=\u00a0\u00bb400px\u00a0\u00bb][et_pb_slide _builder_version=\u00a0\u00bb4.9.9&Prime; _module_preset=\u00a0\u00bbdefault\u00a0\u00bb background_enable_color=\u00a0\u00bboff\u00a0\u00bb background_image=\u00a0\u00bbhttp:\/\/lombardagraniti.it\/wp-content\/uploads\/2021\/09\/mosaico-header.jpg\u00a0\u00bb background_enable_image=\u00a0\u00bbon\u00a0\u00bb parallax=\u00a0\u00bbon\u00a0\u00bb sticky_transition=\u00a0\u00bbon\u00a0\u00bb][\/et_pb_slide][\/et_pb_fullwidth_slider][\/et_pb_section][et_pb_section fb_built=\u00a0\u00bb1&Prime; _builder_version=\u00a0\u00bb4.9.9&Prime; _module_preset=\u00a0\u00bbdefault\u00a0\u00bb custom_padding=\u00a0\u00bb100px||0px||false|false\u00a0\u00bb][et_pb_row column_structure=\u00a0\u00bb3_5,2_5&Prime; make_equal=\u00a0\u00bbon\u00a0\u00bb module_class=\u00a0\u00bbcol-v-align\u00a0\u00bb _builder_version=\u00a0\u00bb4.9.9&Prime; _module_preset=\u00a0\u00bbdefault\u00a0\u00bb max_width=\u00a0\u00bb100%\u00a0\u00bb][et_pb_column type=\u00a0\u00bb3_5&Prime; module_class=\u00a0\u00bbcol-w-button\u00a0\u00bb _builder_version=\u00a0\u00bb4.9.9&Prime; _module_preset=\u00a0\u00bbdefault\u00a0\u00bb][et_pb_text module_class=\u00a0\u00bbtitle-page\u00a0\u00bb _builder_version=\u00a0\u00bb4.9.9&Prime; _module_preset=\u00a0\u00bbdefault\u00a0\u00bb animation_style=\u00a0\u00bbslide\u00a0\u00bb animation_direction=\u00a0\u00bbleft\u00a0\u00bb hover_enabled=\u00a0\u00bb0&Prime; sticky_enabled=\u00a0\u00bb0&Prime;] Mosa\u00efque Originalit\u00e9 et tradition Celle de la mosa\u00efque, aussi appel\u00e9e \u00ab opus incertum \u00bb ou \u00ab palladienne [&hellip;]<\/p>\n","protected":false},"author":1,"featured_media":0,"parent":0,"menu_order":0,"comment_status":"closed","ping_status":"closed","template":"","meta":{"_et_pb_use_builder":"on","_et_pb_old_content":"","_et_gb_content_width":""},"yoast_head":"<!-- This site is optimized with the Yoast SEO plugin v18.8 - https:\/\/yoast.com\/wordpress\/plugins\/seo\/ -->\n<title>Mosa\u00efque - Lombarda graniti<\/title>\n<meta name=\"robots\" content=\"index, follow, max-snippet:-1, max-image-preview:large, max-video-preview:-1\" \/>\n<link rel=\"canonical\" href=\"https:\/\/lombardagraniti.it\/fr\/mosaique\/\" \/>\n<meta property=\"og:locale\" content=\"fr_FR\" \/>\n<meta property=\"og:type\" content=\"article\" \/>\n<meta property=\"og:title\" content=\"Mosa\u00efque - Lombarda graniti\" \/>\n<meta property=\"og:description\" content=\"[et_pb_section fb_built=\u00a0\u00bb1&Prime; fullwidth=\u00a0\u00bbon\u00a0\u00bb _builder_version=\u00a0\u00bb4.9.9&Prime; _module_preset=\u00a0\u00bbdefault\u00a0\u00bb][et_pb_fullwidth_slider disabled_on=\u00a0\u00bboff|off|off\u00a0\u00bb module_class=\u00a0\u00bbheader-inpage\u00a0\u00bb _builder_version=\u00a0\u00bb4.9.9&Prime; _module_preset=\u00a0\u00bbdefault\u00a0\u00bb height=\u00a0\u00bb400px\u00a0\u00bb][et_pb_slide _builder_version=\u00a0\u00bb4.9.9&Prime; _module_preset=\u00a0\u00bbdefault\u00a0\u00bb background_enable_color=\u00a0\u00bboff\u00a0\u00bb background_image=\u00a0\u00bbhttp:\/\/lombardagraniti.it\/wp-content\/uploads\/2021\/09\/mosaico-header.jpg\u00a0\u00bb background_enable_image=\u00a0\u00bbon\u00a0\u00bb parallax=\u00a0\u00bbon\u00a0\u00bb sticky_transition=\u00a0\u00bbon\u00a0\u00bb][\/et_pb_slide][\/et_pb_fullwidth_slider][\/et_pb_section][et_pb_section fb_built=\u00a0\u00bb1&Prime; _builder_version=\u00a0\u00bb4.9.9&Prime; _module_preset=\u00a0\u00bbdefault\u00a0\u00bb custom_padding=\u00a0\u00bb100px||0px||false|false\u00a0\u00bb][et_pb_row column_structure=\u00a0\u00bb3_5,2_5&Prime; make_equal=\u00a0\u00bbon\u00a0\u00bb module_class=\u00a0\u00bbcol-v-align\u00a0\u00bb _builder_version=\u00a0\u00bb4.9.9&Prime; _module_preset=\u00a0\u00bbdefault\u00a0\u00bb max_width=\u00a0\u00bb100%\u00a0\u00bb][et_pb_column type=\u00a0\u00bb3_5&Prime; module_class=\u00a0\u00bbcol-w-button\u00a0\u00bb _builder_version=\u00a0\u00bb4.9.9&Prime; _module_preset=\u00a0\u00bbdefault\u00a0\u00bb][et_pb_text module_class=\u00a0\u00bbtitle-page\u00a0\u00bb _builder_version=\u00a0\u00bb4.9.9&Prime; _module_preset=\u00a0\u00bbdefault\u00a0\u00bb animation_style=\u00a0\u00bbslide\u00a0\u00bb animation_direction=\u00a0\u00bbleft\u00a0\u00bb hover_enabled=\u00a0\u00bb0&Prime; sticky_enabled=\u00a0\u00bb0&Prime;] Mosa\u00efque Originalit\u00e9 et tradition Celle de la mosa\u00efque, aussi appel\u00e9e \u00ab opus incertum \u00bb ou \u00ab palladienne [&hellip;]\" \/>\n<meta property=\"og:url\" content=\"https:\/\/lombardagraniti.it\/fr\/mosaique\/\" \/>\n<meta property=\"og:site_name\" content=\"Lombarda graniti\" \/>\n<meta property=\"article:modified_time\" content=\"2022-05-18T12:56:32+00:00\" \/>\n<meta name=\"twitter:card\" content=\"summary_large_image\" \/>\n<meta name=\"twitter:label1\" content=\"Dur\u00e9e de lecture estim\u00e9e\" \/>\n\t<meta name=\"twitter:data1\" content=\"2 minutes\" \/>\n<script type=\"application\/ld+json\" class=\"yoast-schema-graph\">{\"@context\":\"https:\/\/schema.org\",\"@graph\":[{\"@type\":\"WebSite\",\"@id\":\"https:\/\/lombardagraniti.it\/#website\",\"url\":\"https:\/\/lombardagraniti.it\/\",\"name\":\"Lombarda graniti\",\"description\":\"Pietre porfidi Srl\",\"potentialAction\":[{\"@type\":\"SearchAction\",\"target\":{\"@type\":\"EntryPoint\",\"urlTemplate\":\"https:\/\/lombardagraniti.it\/?s={search_term_string}\"},\"query-input\":\"required name=search_term_string\"}],\"inLanguage\":\"fr-FR\"},{\"@type\":\"WebPage\",\"@id\":\"https:\/\/lombardagraniti.it\/fr\/mosaique\/#webpage\",\"url\":\"https:\/\/lombardagraniti.it\/fr\/mosaique\/\",\"name\":\"Mosa\u00efque - Lombarda graniti\",\"isPartOf\":{\"@id\":\"https:\/\/lombardagraniti.it\/#website\"},\"datePublished\":\"2021-09-15T10:06:57+00:00\",\"dateModified\":\"2022-05-18T12:56:32+00:00\",\"breadcrumb\":{\"@id\":\"https:\/\/lombardagraniti.it\/fr\/mosaique\/#breadcrumb\"},\"inLanguage\":\"fr-FR\",\"potentialAction\":[{\"@type\":\"ReadAction\",\"target\":[\"https:\/\/lombardagraniti.it\/fr\/mosaique\/\"]}]},{\"@type\":\"BreadcrumbList\",\"@id\":\"https:\/\/lombardagraniti.it\/fr\/mosaique\/#breadcrumb\",\"itemListElement\":[{\"@type\":\"ListItem\",\"position\":1,\"name\":\"Home\",\"item\":\"https:\/\/lombardagraniti.it\/fr\/home\/\"},{\"@type\":\"ListItem\",\"position\":2,\"name\":\"Mosa\u00efque\"}]}]}<\/script>\n<!-- \/ Yoast SEO plugin. -->","yoast_head_json":{"title":"Mosa\u00efque - Lombarda graniti","robots":{"index":"index","follow":"follow","max-snippet":"max-snippet:-1","max-image-preview":"max-image-preview:large","max-video-preview":"max-video-preview:-1"},"canonical":"https:\/\/lombardagraniti.it\/fr\/mosaique\/","og_locale":"fr_FR","og_type":"article","og_title":"Mosa\u00efque - Lombarda graniti","og_description":"[et_pb_section fb_built=\u00a0\u00bb1&Prime; fullwidth=\u00a0\u00bbon\u00a0\u00bb _builder_version=\u00a0\u00bb4.9.9&Prime; _module_preset=\u00a0\u00bbdefault\u00a0\u00bb][et_pb_fullwidth_slider disabled_on=\u00a0\u00bboff|off|off\u00a0\u00bb module_class=\u00a0\u00bbheader-inpage\u00a0\u00bb _builder_version=\u00a0\u00bb4.9.9&Prime; _module_preset=\u00a0\u00bbdefault\u00a0\u00bb height=\u00a0\u00bb400px\u00a0\u00bb][et_pb_slide _builder_version=\u00a0\u00bb4.9.9&Prime; _module_preset=\u00a0\u00bbdefault\u00a0\u00bb background_enable_color=\u00a0\u00bboff\u00a0\u00bb background_image=\u00a0\u00bbhttp:\/\/lombardagraniti.it\/wp-content\/uploads\/2021\/09\/mosaico-header.jpg\u00a0\u00bb background_enable_image=\u00a0\u00bbon\u00a0\u00bb parallax=\u00a0\u00bbon\u00a0\u00bb sticky_transition=\u00a0\u00bbon\u00a0\u00bb][\/et_pb_slide][\/et_pb_fullwidth_slider][\/et_pb_section][et_pb_section fb_built=\u00a0\u00bb1&Prime; _builder_version=\u00a0\u00bb4.9.9&Prime; _module_preset=\u00a0\u00bbdefault\u00a0\u00bb custom_padding=\u00a0\u00bb100px||0px||false|false\u00a0\u00bb][et_pb_row column_structure=\u00a0\u00bb3_5,2_5&Prime; make_equal=\u00a0\u00bbon\u00a0\u00bb module_class=\u00a0\u00bbcol-v-align\u00a0\u00bb _builder_version=\u00a0\u00bb4.9.9&Prime; _module_preset=\u00a0\u00bbdefault\u00a0\u00bb max_width=\u00a0\u00bb100%\u00a0\u00bb][et_pb_column type=\u00a0\u00bb3_5&Prime; module_class=\u00a0\u00bbcol-w-button\u00a0\u00bb _builder_version=\u00a0\u00bb4.9.9&Prime; _module_preset=\u00a0\u00bbdefault\u00a0\u00bb][et_pb_text module_class=\u00a0\u00bbtitle-page\u00a0\u00bb _builder_version=\u00a0\u00bb4.9.9&Prime; _module_preset=\u00a0\u00bbdefault\u00a0\u00bb animation_style=\u00a0\u00bbslide\u00a0\u00bb animation_direction=\u00a0\u00bbleft\u00a0\u00bb hover_enabled=\u00a0\u00bb0&Prime; sticky_enabled=\u00a0\u00bb0&Prime;] Mosa\u00efque Originalit\u00e9 et tradition Celle de la mosa\u00efque, aussi appel\u00e9e \u00ab opus incertum \u00bb ou \u00ab palladienne [&hellip;]","og_url":"https:\/\/lombardagraniti.it\/fr\/mosaique\/","og_site_name":"Lombarda graniti","article_modified_time":"2022-05-18T12:56:32+00:00","twitter_card":"summary_large_image","twitter_misc":{"Dur\u00e9e de lecture estim\u00e9e":"2 minutes"},"schema":{"@context":"https:\/\/schema.org","@graph":[{"@type":"WebSite","@id":"https:\/\/lombardagraniti.it\/#website","url":"https:\/\/lombardagraniti.it\/","name":"Lombarda graniti","description":"Pietre porfidi Srl","potentialAction":[{"@type":"SearchAction","target":{"@type":"EntryPoint","urlTemplate":"https:\/\/lombardagraniti.it\/?s={search_term_string}"},"query-input":"required name=search_term_string"}],"inLanguage":"fr-FR"},{"@type":"WebPage","@id":"https:\/\/lombardagraniti.it\/fr\/mosaique\/#webpage","url":"https:\/\/lombardagraniti.it\/fr\/mosaique\/","name":"Mosa\u00efque - Lombarda graniti","isPartOf":{"@id":"https:\/\/lombardagraniti.it\/#website"},"datePublished":"2021-09-15T10:06:57+00:00","dateModified":"2022-05-18T12:56:32+00:00","breadcrumb":{"@id":"https:\/\/lombardagraniti.it\/fr\/mosaique\/#breadcrumb"},"inLanguage":"fr-FR","potentialAction":[{"@type":"ReadAction","target":["https:\/\/lombardagraniti.it\/fr\/mosaique\/"]}]},{"@type":"BreadcrumbList","@id":"https:\/\/lombardagraniti.it\/fr\/mosaique\/#breadcrumb","itemListElement":[{"@type":"ListItem","position":1,"name":"Home","item":"https:\/\/lombardagraniti.it\/fr\/home\/"},{"@type":"ListItem","position":2,"name":"Mosa\u00efque"}]}]}},"_links":{"self":[{"href":"https:\/\/lombardagraniti.it\/fr\/wp-json\/wp\/v2\/pages\/2077"}],"collection":[{"href":"https:\/\/lombardagraniti.it\/fr\/wp-json\/wp\/v2\/pages"}],"about":[{"href":"https:\/\/lombardagraniti.it\/fr\/wp-json\/wp\/v2\/types\/page"}],"author":[{"embeddable":true,"href":"https:\/\/lombardagraniti.it\/fr\/wp-json\/wp\/v2\/users\/1"}],"replies":[{"embeddable":true,"href":"https:\/\/lombardagraniti.it\/fr\/wp-json\/wp\/v2\/comments?post=2077"}],"version-history":[{"count":14,"href":"https:\/\/lombardagraniti.it\/fr\/wp-json\/wp\/v2\/pages\/2077\/revisions"}],"predecessor-version":[{"id":2466,"href":"https:\/\/lombardagraniti.it\/fr\/wp-json\/wp\/v2\/pages\/2077\/revisions\/2466"}],"wp:attachment":[{"href":"https:\/\/lombardagraniti.it\/fr\/wp-json\/wp\/v2\/media?parent=2077"}],"curies":[{"name":"wp","href":"https:\/\/api.w.org\/{rel}","templated":true}]}}