{"id":2083,"date":"2021-09-15T10:07:19","date_gmt":"2021-09-15T10:07:19","guid":{"rendered":"https:\/\/lombardagraniti.it\/cordons-et-liants\/"},"modified":"2022-05-18T12:52:19","modified_gmt":"2022-05-18T12:52:19","slug":"cordons-et-liants","status":"publish","type":"page","link":"https:\/\/lombardagraniti.it\/fr\/cordons-et-liants\/","title":{"rendered":"Bordures et bordurettes"},"content":{"rendered":"<p>[et_pb_section fb_built=\u00a0\u00bb1&Prime; fullwidth=\u00a0\u00bbon\u00a0\u00bb _builder_version=\u00a0\u00bb4.9.9&Prime; _module_preset=\u00a0\u00bbdefault\u00a0\u00bb][et_pb_fullwidth_slider disabled_on=\u00a0\u00bboff|off|off\u00a0\u00bb module_class=\u00a0\u00bbheader-inpage\u00a0\u00bb _builder_version=\u00a0\u00bb4.9.9&Prime; _module_preset=\u00a0\u00bbdefault\u00a0\u00bb height=\u00a0\u00bb400px\u00a0\u00bb][et_pb_slide _builder_version=\u00a0\u00bb4.9.9&Prime; _module_preset=\u00a0\u00bbdefault\u00a0\u00bb background_enable_color=\u00a0\u00bboff\u00a0\u00bb background_image=\u00a0\u00bbhttp:\/\/lombardagraniti.it\/wp-content\/uploads\/2021\/09\/5-cordoni-e-binderi.jpg\u00a0\u00bb background_enable_image=\u00a0\u00bbon\u00a0\u00bb sticky_transition=\u00a0\u00bbon\u00a0\u00bb][\/et_pb_slide][\/et_pb_fullwidth_slider][\/et_pb_section][et_pb_section fb_built=\u00a0\u00bb1&Prime; _builder_version=\u00a0\u00bb4.9.9&Prime; _module_preset=\u00a0\u00bbdefault\u00a0\u00bb custom_padding=\u00a0\u00bb100px||0px||false|false\u00a0\u00bb][et_pb_row column_structure=\u00a0\u00bb3_5,2_5&Prime; make_equal=\u00a0\u00bbon\u00a0\u00bb module_class=\u00a0\u00bbcol-v-align\u00a0\u00bb _builder_version=\u00a0\u00bb4.9.9&Prime; _module_preset=\u00a0\u00bbdefault\u00a0\u00bb max_width=\u00a0\u00bb100%\u00a0\u00bb][et_pb_column type=\u00a0\u00bb3_5&Prime; module_class=\u00a0\u00bbcol-w-button\u00a0\u00bb _builder_version=\u00a0\u00bb4.9.9&Prime; _module_preset=\u00a0\u00bbdefault\u00a0\u00bb][et_pb_text module_class=\u00a0\u00bbtitle-page\u00a0\u00bb _builder_version=\u00a0\u00bb4.9.9&Prime; _module_preset=\u00a0\u00bbdefault\u00a0\u00bb animation_style=\u00a0\u00bbslide\u00a0\u00bb animation_direction=\u00a0\u00bbleft\u00a0\u00bb hover_enabled=\u00a0\u00bb0&Prime; sticky_enabled=\u00a0\u00bb0&Prime;]<\/p>\n<h2>Bordures et bordurettes<\/h2>\n<p><strong>Esth\u00e9tique et r\u00e9sistance au service de la s\u00e9curit\u00e9&#8230;<\/strong><\/p>\n<p>Les bordures de route sont utilis\u00e9es pour d\u00e9limiter les zones pi\u00e9tonnes des chauss\u00e9es, et pour<br \/>\ndistinguer et d\u00e9limiter les zones pav\u00e9es.<br \/>\nLeur forme et leur taille sont envisag\u00e9es dans une s\u00e9rie d&rsquo;\u00e9l\u00e9ments standards avec des parties vues bouchard\u00e9es ou flamm\u00e9es et restant sci\u00e9es.<br \/>\nEn plus d&rsquo;\u00eatre de v\u00e9ritables \u00e9l\u00e9ments de structure, les bordures en pierre naturelle garantissent r\u00e9sistance et durabilit\u00e9 dans le temps.<\/p>\n<p>La proposition de <strong>LOMBARDA GRANITI<\/strong> est large en termes de mat\u00e9riaux et de fabrication et notre personnel vous garantira professionnalisme et disponibilit\u00e9.<\/p>\n<p>Dans cette section, il y a aussi de la place pour les bordurettes, \u00e9galement des \u00e9l\u00e9ments qui remplissent la fonction de confinement des zones pav\u00e9es, mais ils peuvent \u00eatre utilis\u00e9s comme un v\u00e9ritable \u00e9l\u00e9ment de rev\u00eatement de sol.<\/p>\n<p><strong>LOMBARDA GRANITI<\/strong> fournit et <strong>installe<\/strong> des bordurettes en <strong>granit<\/strong>, <strong>porphyre<\/strong> et <strong>pierre<\/strong> de \u00ab\u00a0<strong>Luserna\u00a0\u00bb<\/strong> de diff\u00e9rentes tailles, vous garantissant un r\u00e9sultat \u00e0 la hauteur de vos attentes.<\/p>\n<h3>POSE DES BORDURES<\/h3>\n<p>La pose des bordures ne pr\u00e9sente pas de difficult\u00e9s particuli\u00e8res hormis le soin des niveaux et alignements du projet. Les bordures doivent \u00eatre pos\u00e9s sur une couche de mortier de ciment de 4\/6 cm d&rsquo;\u00e9paisseur, sur une base solide et un appui lat\u00e9ral sur 5 cm, au niveau du projet avec des t\u00eates adh\u00e9rentes.<br \/>\nUn petit d\u00e9collement sera utile afin d&rsquo;\u00e9viter les risques de d\u00e9formation et de casse dus \u00e0 la dilatation thermique.[\/et_pb_text][\/et_pb_column][et_pb_column type=\u00a0\u00bb2_5&Prime; module_class=\u00a0\u00bbcol-w-button\u00a0\u00bb _builder_version=\u00a0\u00bb4.9.9&Prime; _module_preset=\u00a0\u00bbdefault\u00a0\u00bb][et_pb_code _builder_version=\u00a0\u00bb4.9.9&Prime; _module_preset=\u00a0\u00bbdefault\u00a0\u00bb animation_style=\u00a0\u00bbslide\u00a0\u00bb animation_direction=\u00a0\u00bbtop\u00a0\u00bb animation_delay=\u00a0\u00bb500ms\u00a0\u00bb]<pee class=\"title-little-list\"><!-- [et_pb_line_break_holder] --> Disponible dans les mat\u00e9riaux suivants :<!-- [et_pb_line_break_holder] --><\/pee><!-- [et_pb_line_break_holder] --><\/p>\n<ul class=\"list-category\"><!-- [et_pb_line_break_holder] -->  <\/p>\n<li><i class=\"far fa-circle\"><\/i>Granit<\/li>\n<p><!-- [et_pb_line_break_holder] -->   <\/p>\n<li><i class=\"far fa-circle\"><\/i>Porphyre<\/li>\n<p><!-- [et_pb_line_break_holder] -->  <\/p>\n<li><i class=\"far fa-circle\"><\/i>Pierre de \u00ab\u00a0Luserna\u00a0\u00bb<\/li>\n<p><!-- [et_pb_line_break_holder] --><\/ul>\n<p>[\/et_pb_code][et_pb_button button_url=\u00a0\u00bb@ET-DC@eyJkeW5hbWljIjp0cnVlLCJjb250ZW50IjoicG9zdF9saW5rX3VybF9wYWdlIiwic2V0dGluZ3MiOnsicG9zdF9pZCI6IjkifX0=@\u00a0\u00bb button_text=\u00a0\u00bbContactez-nous\u00a0\u00bb module_class=\u00a0\u00bbbutton-style\u00a0\u00bb _builder_version=\u00a0\u00bb4.9.9&Prime; _dynamic_attributes=\u00a0\u00bbbutton_url\u00a0\u00bb _module_preset=\u00a0\u00bbdefault\u00a0\u00bb custom_button=\u00a0\u00bbon\u00a0\u00bb button_use_icon=\u00a0\u00bboff\u00a0\u00bb custom_padding=\u00a0\u00bb10px|40px|10px|40px|true|true\u00a0\u00bb animation_style=\u00a0\u00bbslide\u00a0\u00bb animation_direction=\u00a0\u00bbtop\u00a0\u00bb animation_delay=\u00a0\u00bb1000ms\u00a0\u00bb][\/et_pb_button][\/et_pb_column][\/et_pb_row][\/et_pb_section][et_pb_section fb_built=\u00a0\u00bb1&Prime; _builder_version=\u00a0\u00bb4.9.9&Prime; _module_preset=\u00a0\u00bbdefault\u00a0\u00bb custom_padding=\u00a0\u00bb||100px||false|false\u00a0\u00bb][et_pb_row use_custom_gutter=\u00a0\u00bbon\u00a0\u00bb gutter_width=\u00a0\u00bb1&Prime; make_equal=\u00a0\u00bbon\u00a0\u00bb module_class=\u00a0\u00bbgallery-row\u00a0\u00bb _builder_version=\u00a0\u00bb4.9.9&Prime; _module_preset=\u00a0\u00bbdefault\u00a0\u00bb max_width=\u00a0\u00bb100%\u00a0\u00bb][et_pb_column type=\u00a0\u00bb4_4&Prime; _builder_version=\u00a0\u00bb4.9.9&Prime; _module_preset=\u00a0\u00bbdefault\u00a0\u00bb][et_pb_gallery gallery_ids=\u00a0\u00bb1549,1551,1553,1555,1557,1559,1561,1563&Prime; posts_number=\u00a0\u00bb16&Prime; show_title_and_caption=\u00a0\u00bboff\u00a0\u00bb show_pagination=\u00a0\u00bboff\u00a0\u00bb disabled_on=\u00a0\u00bboff|off|off\u00a0\u00bb _builder_version=\u00a0\u00bb4.9.9&Prime; _module_preset=\u00a0\u00bbdefault\u00a0\u00bb][\/et_pb_gallery][\/et_pb_column][\/et_pb_row][\/et_pb_section]<\/p>\n","protected":false},"excerpt":{"rendered":"<p>[et_pb_section fb_built=\u00a0\u00bb1&Prime; fullwidth=\u00a0\u00bbon\u00a0\u00bb _builder_version=\u00a0\u00bb4.9.9&Prime; _module_preset=\u00a0\u00bbdefault\u00a0\u00bb][et_pb_fullwidth_slider disabled_on=\u00a0\u00bboff|off|off\u00a0\u00bb module_class=\u00a0\u00bbheader-inpage\u00a0\u00bb _builder_version=\u00a0\u00bb4.9.9&Prime; _module_preset=\u00a0\u00bbdefault\u00a0\u00bb height=\u00a0\u00bb400px\u00a0\u00bb][et_pb_slide _builder_version=\u00a0\u00bb4.9.9&Prime; _module_preset=\u00a0\u00bbdefault\u00a0\u00bb background_enable_color=\u00a0\u00bboff\u00a0\u00bb background_image=\u00a0\u00bbhttp:\/\/lombardagraniti.it\/wp-content\/uploads\/2021\/09\/5-cordoni-e-binderi.jpg\u00a0\u00bb background_enable_image=\u00a0\u00bbon\u00a0\u00bb sticky_transition=\u00a0\u00bbon\u00a0\u00bb][\/et_pb_slide][\/et_pb_fullwidth_slider][\/et_pb_section][et_pb_section fb_built=\u00a0\u00bb1&Prime; _builder_version=\u00a0\u00bb4.9.9&Prime; _module_preset=\u00a0\u00bbdefault\u00a0\u00bb custom_padding=\u00a0\u00bb100px||0px||false|false\u00a0\u00bb][et_pb_row column_structure=\u00a0\u00bb3_5,2_5&Prime; make_equal=\u00a0\u00bbon\u00a0\u00bb module_class=\u00a0\u00bbcol-v-align\u00a0\u00bb _builder_version=\u00a0\u00bb4.9.9&Prime; _module_preset=\u00a0\u00bbdefault\u00a0\u00bb max_width=\u00a0\u00bb100%\u00a0\u00bb][et_pb_column type=\u00a0\u00bb3_5&Prime; module_class=\u00a0\u00bbcol-w-button\u00a0\u00bb _builder_version=\u00a0\u00bb4.9.9&Prime; _module_preset=\u00a0\u00bbdefault\u00a0\u00bb][et_pb_text module_class=\u00a0\u00bbtitle-page\u00a0\u00bb _builder_version=\u00a0\u00bb4.9.9&Prime; _module_preset=\u00a0\u00bbdefault\u00a0\u00bb animation_style=\u00a0\u00bbslide\u00a0\u00bb animation_direction=\u00a0\u00bbleft\u00a0\u00bb hover_enabled=\u00a0\u00bb0&Prime; sticky_enabled=\u00a0\u00bb0&Prime;] Bordures et bordurettes Esth\u00e9tique et r\u00e9sistance au service de la s\u00e9curit\u00e9&#8230; Les bordures de route sont utilis\u00e9es pour [&hellip;]<\/p>\n","protected":false},"author":1,"featured_media":0,"parent":0,"menu_order":0,"comment_status":"closed","ping_status":"closed","template":"","meta":{"_et_pb_use_builder":"on","_et_pb_old_content":"","_et_gb_content_width":""},"yoast_head":"<!-- This site is optimized with the Yoast SEO plugin v18.8 - https:\/\/yoast.com\/wordpress\/plugins\/seo\/ -->\n<title>Bordures et bordurettes - Lombarda graniti<\/title>\n<meta name=\"robots\" content=\"index, follow, max-snippet:-1, max-image-preview:large, max-video-preview:-1\" \/>\n<link rel=\"canonical\" href=\"https:\/\/lombardagraniti.it\/fr\/cordons-et-liants\/\" \/>\n<meta property=\"og:locale\" content=\"fr_FR\" \/>\n<meta property=\"og:type\" content=\"article\" \/>\n<meta property=\"og:title\" content=\"Bordures et bordurettes - Lombarda graniti\" \/>\n<meta property=\"og:description\" content=\"[et_pb_section fb_built=\u00a0\u00bb1&Prime; fullwidth=\u00a0\u00bbon\u00a0\u00bb _builder_version=\u00a0\u00bb4.9.9&Prime; _module_preset=\u00a0\u00bbdefault\u00a0\u00bb][et_pb_fullwidth_slider disabled_on=\u00a0\u00bboff|off|off\u00a0\u00bb module_class=\u00a0\u00bbheader-inpage\u00a0\u00bb _builder_version=\u00a0\u00bb4.9.9&Prime; _module_preset=\u00a0\u00bbdefault\u00a0\u00bb height=\u00a0\u00bb400px\u00a0\u00bb][et_pb_slide _builder_version=\u00a0\u00bb4.9.9&Prime; _module_preset=\u00a0\u00bbdefault\u00a0\u00bb background_enable_color=\u00a0\u00bboff\u00a0\u00bb background_image=\u00a0\u00bbhttp:\/\/lombardagraniti.it\/wp-content\/uploads\/2021\/09\/5-cordoni-e-binderi.jpg\u00a0\u00bb background_enable_image=\u00a0\u00bbon\u00a0\u00bb sticky_transition=\u00a0\u00bbon\u00a0\u00bb][\/et_pb_slide][\/et_pb_fullwidth_slider][\/et_pb_section][et_pb_section fb_built=\u00a0\u00bb1&Prime; _builder_version=\u00a0\u00bb4.9.9&Prime; _module_preset=\u00a0\u00bbdefault\u00a0\u00bb custom_padding=\u00a0\u00bb100px||0px||false|false\u00a0\u00bb][et_pb_row column_structure=\u00a0\u00bb3_5,2_5&Prime; make_equal=\u00a0\u00bbon\u00a0\u00bb module_class=\u00a0\u00bbcol-v-align\u00a0\u00bb _builder_version=\u00a0\u00bb4.9.9&Prime; _module_preset=\u00a0\u00bbdefault\u00a0\u00bb max_width=\u00a0\u00bb100%\u00a0\u00bb][et_pb_column type=\u00a0\u00bb3_5&Prime; module_class=\u00a0\u00bbcol-w-button\u00a0\u00bb _builder_version=\u00a0\u00bb4.9.9&Prime; _module_preset=\u00a0\u00bbdefault\u00a0\u00bb][et_pb_text module_class=\u00a0\u00bbtitle-page\u00a0\u00bb _builder_version=\u00a0\u00bb4.9.9&Prime; _module_preset=\u00a0\u00bbdefault\u00a0\u00bb animation_style=\u00a0\u00bbslide\u00a0\u00bb animation_direction=\u00a0\u00bbleft\u00a0\u00bb hover_enabled=\u00a0\u00bb0&Prime; sticky_enabled=\u00a0\u00bb0&Prime;] Bordures et bordurettes Esth\u00e9tique et r\u00e9sistance au service de la s\u00e9curit\u00e9&#8230; Les bordures de route sont utilis\u00e9es pour [&hellip;]\" \/>\n<meta property=\"og:url\" content=\"https:\/\/lombardagraniti.it\/fr\/cordons-et-liants\/\" \/>\n<meta property=\"og:site_name\" content=\"Lombarda graniti\" \/>\n<meta property=\"article:modified_time\" content=\"2022-05-18T12:52:19+00:00\" \/>\n<meta name=\"twitter:card\" content=\"summary_large_image\" \/>\n<meta name=\"twitter:label1\" content=\"Dur\u00e9e de lecture estim\u00e9e\" \/>\n\t<meta name=\"twitter:data1\" content=\"3 minutes\" \/>\n<script type=\"application\/ld+json\" class=\"yoast-schema-graph\">{\"@context\":\"https:\/\/schema.org\",\"@graph\":[{\"@type\":\"WebSite\",\"@id\":\"https:\/\/lombardagraniti.it\/#website\",\"url\":\"https:\/\/lombardagraniti.it\/\",\"name\":\"Lombarda graniti\",\"description\":\"Pietre porfidi Srl\",\"potentialAction\":[{\"@type\":\"SearchAction\",\"target\":{\"@type\":\"EntryPoint\",\"urlTemplate\":\"https:\/\/lombardagraniti.it\/?s={search_term_string}\"},\"query-input\":\"required name=search_term_string\"}],\"inLanguage\":\"fr-FR\"},{\"@type\":\"WebPage\",\"@id\":\"https:\/\/lombardagraniti.it\/fr\/cordons-et-liants\/#webpage\",\"url\":\"https:\/\/lombardagraniti.it\/fr\/cordons-et-liants\/\",\"name\":\"Bordures et bordurettes - Lombarda graniti\",\"isPartOf\":{\"@id\":\"https:\/\/lombardagraniti.it\/#website\"},\"datePublished\":\"2021-09-15T10:07:19+00:00\",\"dateModified\":\"2022-05-18T12:52:19+00:00\",\"breadcrumb\":{\"@id\":\"https:\/\/lombardagraniti.it\/fr\/cordons-et-liants\/#breadcrumb\"},\"inLanguage\":\"fr-FR\",\"potentialAction\":[{\"@type\":\"ReadAction\",\"target\":[\"https:\/\/lombardagraniti.it\/fr\/cordons-et-liants\/\"]}]},{\"@type\":\"BreadcrumbList\",\"@id\":\"https:\/\/lombardagraniti.it\/fr\/cordons-et-liants\/#breadcrumb\",\"itemListElement\":[{\"@type\":\"ListItem\",\"position\":1,\"name\":\"Home\",\"item\":\"https:\/\/lombardagraniti.it\/fr\/home\/\"},{\"@type\":\"ListItem\",\"position\":2,\"name\":\"Bordures et bordurettes\"}]}]}<\/script>\n<!-- \/ Yoast SEO plugin. -->","yoast_head_json":{"title":"Bordures et bordurettes - Lombarda graniti","robots":{"index":"index","follow":"follow","max-snippet":"max-snippet:-1","max-image-preview":"max-image-preview:large","max-video-preview":"max-video-preview:-1"},"canonical":"https:\/\/lombardagraniti.it\/fr\/cordons-et-liants\/","og_locale":"fr_FR","og_type":"article","og_title":"Bordures et bordurettes - Lombarda graniti","og_description":"[et_pb_section fb_built=\u00a0\u00bb1&Prime; fullwidth=\u00a0\u00bbon\u00a0\u00bb _builder_version=\u00a0\u00bb4.9.9&Prime; _module_preset=\u00a0\u00bbdefault\u00a0\u00bb][et_pb_fullwidth_slider disabled_on=\u00a0\u00bboff|off|off\u00a0\u00bb module_class=\u00a0\u00bbheader-inpage\u00a0\u00bb _builder_version=\u00a0\u00bb4.9.9&Prime; _module_preset=\u00a0\u00bbdefault\u00a0\u00bb height=\u00a0\u00bb400px\u00a0\u00bb][et_pb_slide _builder_version=\u00a0\u00bb4.9.9&Prime; _module_preset=\u00a0\u00bbdefault\u00a0\u00bb background_enable_color=\u00a0\u00bboff\u00a0\u00bb background_image=\u00a0\u00bbhttp:\/\/lombardagraniti.it\/wp-content\/uploads\/2021\/09\/5-cordoni-e-binderi.jpg\u00a0\u00bb background_enable_image=\u00a0\u00bbon\u00a0\u00bb sticky_transition=\u00a0\u00bbon\u00a0\u00bb][\/et_pb_slide][\/et_pb_fullwidth_slider][\/et_pb_section][et_pb_section fb_built=\u00a0\u00bb1&Prime; _builder_version=\u00a0\u00bb4.9.9&Prime; _module_preset=\u00a0\u00bbdefault\u00a0\u00bb custom_padding=\u00a0\u00bb100px||0px||false|false\u00a0\u00bb][et_pb_row column_structure=\u00a0\u00bb3_5,2_5&Prime; make_equal=\u00a0\u00bbon\u00a0\u00bb module_class=\u00a0\u00bbcol-v-align\u00a0\u00bb _builder_version=\u00a0\u00bb4.9.9&Prime; _module_preset=\u00a0\u00bbdefault\u00a0\u00bb max_width=\u00a0\u00bb100%\u00a0\u00bb][et_pb_column type=\u00a0\u00bb3_5&Prime; module_class=\u00a0\u00bbcol-w-button\u00a0\u00bb _builder_version=\u00a0\u00bb4.9.9&Prime; _module_preset=\u00a0\u00bbdefault\u00a0\u00bb][et_pb_text module_class=\u00a0\u00bbtitle-page\u00a0\u00bb _builder_version=\u00a0\u00bb4.9.9&Prime; _module_preset=\u00a0\u00bbdefault\u00a0\u00bb animation_style=\u00a0\u00bbslide\u00a0\u00bb animation_direction=\u00a0\u00bbleft\u00a0\u00bb hover_enabled=\u00a0\u00bb0&Prime; sticky_enabled=\u00a0\u00bb0&Prime;] Bordures et bordurettes Esth\u00e9tique et r\u00e9sistance au service de la s\u00e9curit\u00e9&#8230; Les bordures de route sont utilis\u00e9es pour [&hellip;]","og_url":"https:\/\/lombardagraniti.it\/fr\/cordons-et-liants\/","og_site_name":"Lombarda graniti","article_modified_time":"2022-05-18T12:52:19+00:00","twitter_card":"summary_large_image","twitter_misc":{"Dur\u00e9e de lecture estim\u00e9e":"3 minutes"},"schema":{"@context":"https:\/\/schema.org","@graph":[{"@type":"WebSite","@id":"https:\/\/lombardagraniti.it\/#website","url":"https:\/\/lombardagraniti.it\/","name":"Lombarda graniti","description":"Pietre porfidi Srl","potentialAction":[{"@type":"SearchAction","target":{"@type":"EntryPoint","urlTemplate":"https:\/\/lombardagraniti.it\/?s={search_term_string}"},"query-input":"required name=search_term_string"}],"inLanguage":"fr-FR"},{"@type":"WebPage","@id":"https:\/\/lombardagraniti.it\/fr\/cordons-et-liants\/#webpage","url":"https:\/\/lombardagraniti.it\/fr\/cordons-et-liants\/","name":"Bordures et bordurettes - Lombarda graniti","isPartOf":{"@id":"https:\/\/lombardagraniti.it\/#website"},"datePublished":"2021-09-15T10:07:19+00:00","dateModified":"2022-05-18T12:52:19+00:00","breadcrumb":{"@id":"https:\/\/lombardagraniti.it\/fr\/cordons-et-liants\/#breadcrumb"},"inLanguage":"fr-FR","potentialAction":[{"@type":"ReadAction","target":["https:\/\/lombardagraniti.it\/fr\/cordons-et-liants\/"]}]},{"@type":"BreadcrumbList","@id":"https:\/\/lombardagraniti.it\/fr\/cordons-et-liants\/#breadcrumb","itemListElement":[{"@type":"ListItem","position":1,"name":"Home","item":"https:\/\/lombardagraniti.it\/fr\/home\/"},{"@type":"ListItem","position":2,"name":"Bordures et bordurettes"}]}]}},"_links":{"self":[{"href":"https:\/\/lombardagraniti.it\/fr\/wp-json\/wp\/v2\/pages\/2083"}],"collection":[{"href":"https:\/\/lombardagraniti.it\/fr\/wp-json\/wp\/v2\/pages"}],"about":[{"href":"https:\/\/lombardagraniti.it\/fr\/wp-json\/wp\/v2\/types\/page"}],"author":[{"embeddable":true,"href":"https:\/\/lombardagraniti.it\/fr\/wp-json\/wp\/v2\/users\/1"}],"replies":[{"embeddable":true,"href":"https:\/\/lombardagraniti.it\/fr\/wp-json\/wp\/v2\/comments?post=2083"}],"version-history":[{"count":23,"href":"https:\/\/lombardagraniti.it\/fr\/wp-json\/wp\/v2\/pages\/2083\/revisions"}],"predecessor-version":[{"id":2452,"href":"https:\/\/lombardagraniti.it\/fr\/wp-json\/wp\/v2\/pages\/2083\/revisions\/2452"}],"wp:attachment":[{"href":"https:\/\/lombardagraniti.it\/fr\/wp-json\/wp\/v2\/media?parent=2083"}],"curies":[{"name":"wp","href":"https:\/\/api.w.org\/{rel}","templated":true}]}}