{"id":2087,"date":"2021-09-15T10:14:40","date_gmt":"2021-09-15T10:14:40","guid":{"rendered":"https:\/\/lombardagraniti.it\/autres-produits\/"},"modified":"2022-05-12T13:26:05","modified_gmt":"2022-05-12T13:26:05","slug":"autres-produits","status":"publish","type":"page","link":"https:\/\/lombardagraniti.it\/fr\/autres-produits\/","title":{"rendered":"Autres produits"},"content":{"rendered":"\n[et_pb_section fb_built=\u00a0\u00bb1&Prime; fullwidth=\u00a0\u00bbon\u00a0\u00bb _builder_version=\u00a0\u00bb4.9.9&Prime; _module_preset=\u00a0\u00bbdefault\u00a0\u00bb][et_pb_fullwidth_slider disabled_on=\u00a0\u00bboff|off|off\u00a0\u00bb module_class=\u00a0\u00bbheader-inpage\u00a0\u00bb _builder_version=\u00a0\u00bb4.9.9&Prime; _module_preset=\u00a0\u00bbdefault\u00a0\u00bb height=\u00a0\u00bb400px\u00a0\u00bb][et_pb_slide _builder_version=\u00a0\u00bb4.9.9&Prime; _module_preset=\u00a0\u00bbdefault\u00a0\u00bb background_enable_color=\u00a0\u00bboff\u00a0\u00bb background_image=\u00a0\u00bbhttp:\/\/lombardagraniti.it\/wp-content\/uploads\/2021\/09\/scale-altri-prodotti-header.jpg\u00a0\u00bb background_enable_image=\u00a0\u00bbon\u00a0\u00bb parallax=\u00a0\u00bbon\u00a0\u00bb sticky_transition=\u00a0\u00bbon\u00a0\u00bb][\/et_pb_slide][\/et_pb_fullwidth_slider][\/et_pb_section][et_pb_section fb_built=\u00a0\u00bb1&Prime; _builder_version=\u00a0\u00bb4.9.9&Prime; _module_preset=\u00a0\u00bbdefault\u00a0\u00bb custom_padding=\u00a0\u00bb100px||0px||false|false\u00a0\u00bb][et_pb_row column_structure=\u00a0\u00bb3_5,2_5&Prime; make_equal=\u00a0\u00bbon\u00a0\u00bb module_class=\u00a0\u00bbcol-v-align\u00a0\u00bb _builder_version=\u00a0\u00bb4.9.9&Prime; _module_preset=\u00a0\u00bbdefault\u00a0\u00bb max_width=\u00a0\u00bb100%\u00a0\u00bb][et_pb_column type=\u00a0\u00bb3_5&Prime; module_class=\u00a0\u00bbcol-w-button\u00a0\u00bb _builder_version=\u00a0\u00bb4.9.9&Prime; _module_preset=\u00a0\u00bbdefault\u00a0\u00bb][et_pb_text module_class=\u00a0\u00bbtitle-page\u00a0\u00bb _builder_version=\u00a0\u00bb4.9.9&Prime; _module_preset=\u00a0\u00bbdefault\u00a0\u00bb animation_style=\u00a0\u00bbslide\u00a0\u00bb animation_direction=\u00a0\u00bbleft\u00a0\u00bb hover_enabled=\u00a0\u00bb0&Prime; sticky_enabled=\u00a0\u00bb0&Prime;]<h2>Autres produits<\/h2>\n<h3>mobilier urbain<\/h3>\n<p><strong>Fonctionnalit\u00e9 et style<\/strong><\/p>\n<p>Les \u00e9l\u00e9ments de mobilier urbain que <strong>LOMBARDA GRANITI<\/strong> vous propose contribueront \u00e0 construire l&rsquo;identit\u00e9 de votre espace int\u00e9rieur ou ext\u00e9rieur, public ou priv\u00e9.<\/p>\n<p>Nous concevons, vendons et installons des \u00e9l\u00e9ments pour le mobilier urbain tels que des bancs, des jardini\u00e8res, des bornes, des fontaines, des toboggans pour handicap\u00e9s, des \u00e9gout, des grilles pour l&rsquo;\u00e9vacuation des eaux, des caniveaux&#8230;<\/p>\n<p>La <strong>pierre<\/strong>, \u00e9l\u00e9ment polyvalent par excellence, saura s&rsquo;adapter \u00e0 tous les styles, qu&rsquo;ils soient traditionnels ou modernes.<\/p>\n<p>Que ce soit pour un escalier ou un bord de piscine, <strong>LOMBARDA GRANITI<\/strong> saura vous garantir toute son exp\u00e9rience en vous proposant des solutions sur mesure qui rendront vos espaces uniques.<\/p>[\/et_pb_text][\/et_pb_column][et_pb_column type=\u00a0\u00bb2_5&Prime; module_class=\u00a0\u00bbcol-w-button\u00a0\u00bb _builder_version=\u00a0\u00bb4.9.9&Prime; _module_preset=\u00a0\u00bbdefault\u00a0\u00bb][et_pb_code _builder_version=\u00a0\u00bb4.9.9&Prime; _module_preset=\u00a0\u00bbdefault\u00a0\u00bb animation_style=\u00a0\u00bbslide\u00a0\u00bb animation_direction=\u00a0\u00bbtop\u00a0\u00bb animation_delay=\u00a0\u00bb500ms\u00a0\u00bb]<pee class=\"title-little-list\"><!-- [et_pb_line_break_holder] --> Les types de produits suivants sont disponibles :<!-- [et_pb_line_break_holder] --><\/pee><!-- [et_pb_line_break_holder] --><div class=\"container-2lists\"><!-- [et_pb_line_break_holder] -->  <ul class=\"list-category\"><!-- [et_pb_line_break_holder] -->  <li><i class=\"far fa-circle\"><\/i>Mobilier urbain<\/li><!-- [et_pb_line_break_holder] -->   <li><i class=\"far fa-circle\"><\/i>Escaliers<\/li><!-- [et_pb_line_break_holder] -->   <li><i class=\"far fa-circle\"><\/i>Fontaines<\/li><!-- [et_pb_line_break_holder] -->    <li><i class=\"far fa-circle\"><\/i>Piscines<\/li><!-- [et_pb_line_break_holder] --><\/ul><!-- [et_pb_line_break_holder] --><\/div><!-- [et_pb_line_break_holder] -->[\/et_pb_code][et_pb_button button_url=\u00a0\u00bb@ET-DC@eyJkeW5hbWljIjp0cnVlLCJjb250ZW50IjoicG9zdF9saW5rX3VybF9wYWdlIiwic2V0dGluZ3MiOnsicG9zdF9pZCI6IjkifX0=@\u00a0\u00bb button_text=\u00a0\u00bbContactez-nous\u00a0\u00bb module_class=\u00a0\u00bbbutton-style\u00a0\u00bb _builder_version=\u00a0\u00bb4.9.9&Prime; _dynamic_attributes=\u00a0\u00bbbutton_url\u00a0\u00bb _module_preset=\u00a0\u00bbdefault\u00a0\u00bb custom_button=\u00a0\u00bbon\u00a0\u00bb button_use_icon=\u00a0\u00bboff\u00a0\u00bb custom_padding=\u00a0\u00bb10px|40px|10px|40px|true|true\u00a0\u00bb animation_style=\u00a0\u00bbslide\u00a0\u00bb animation_direction=\u00a0\u00bbtop\u00a0\u00bb animation_delay=\u00a0\u00bb1000ms\u00a0\u00bb][\/et_pb_button][\/et_pb_column][\/et_pb_row][\/et_pb_section][et_pb_section fb_built=\u00a0\u00bb1&Prime; _builder_version=\u00a0\u00bb4.9.9&Prime; _module_preset=\u00a0\u00bbdefault\u00a0\u00bb custom_padding=\u00a0\u00bb||100px||false|false\u00a0\u00bb][et_pb_row use_custom_gutter=\u00a0\u00bbon\u00a0\u00bb gutter_width=\u00a0\u00bb1&Prime; make_equal=\u00a0\u00bbon\u00a0\u00bb module_class=\u00a0\u00bbgallery-row\u00a0\u00bb _builder_version=\u00a0\u00bb4.9.9&Prime; _module_preset=\u00a0\u00bbdefault\u00a0\u00bb max_width=\u00a0\u00bb100%\u00a0\u00bb][et_pb_column type=\u00a0\u00bb4_4&Prime; _builder_version=\u00a0\u00bb4.9.9&Prime; _module_preset=\u00a0\u00bbdefault\u00a0\u00bb][et_pb_gallery gallery_ids=\u00a0\u00bb1567,1569,1571,1573,1929,1577,1579,1581,1583,1585,1587,1589,1591,1593,1595,1597&Prime; posts_number=\u00a0\u00bb16&Prime; show_title_and_caption=\u00a0\u00bboff\u00a0\u00bb show_pagination=\u00a0\u00bboff\u00a0\u00bb disabled_on=\u00a0\u00bboff|off|off\u00a0\u00bb _builder_version=\u00a0\u00bb4.9.9&Prime; _module_preset=\u00a0\u00bbdefault\u00a0\u00bb][\/et_pb_gallery][\/et_pb_column][\/et_pb_row][\/et_pb_section]\n","protected":false},"excerpt":{"rendered":"","protected":false},"author":1,"featured_media":0,"parent":0,"menu_order":0,"comment_status":"closed","ping_status":"closed","template":"","meta":{"_et_pb_use_builder":"on","_et_pb_old_content":"","_et_gb_content_width":""},"yoast_head":"<!-- This site is optimized with the Yoast SEO plugin v18.8 - https:\/\/yoast.com\/wordpress\/plugins\/seo\/ -->\n<title>Autres produits - Lombarda graniti<\/title>\n<meta name=\"robots\" content=\"index, follow, max-snippet:-1, max-image-preview:large, max-video-preview:-1\" \/>\n<link rel=\"canonical\" href=\"https:\/\/lombardagraniti.it\/fr\/autres-produits\/\" \/>\n<meta property=\"og:locale\" content=\"fr_FR\" \/>\n<meta property=\"og:type\" content=\"article\" \/>\n<meta property=\"og:title\" content=\"Autres produits - Lombarda graniti\" \/>\n<meta property=\"og:url\" content=\"https:\/\/lombardagraniti.it\/fr\/autres-produits\/\" \/>\n<meta property=\"og:site_name\" content=\"Lombarda graniti\" \/>\n<meta property=\"article:modified_time\" content=\"2022-05-12T13:26:05+00:00\" \/>\n<meta name=\"twitter:card\" content=\"summary_large_image\" \/>\n<meta name=\"twitter:label1\" content=\"Dur\u00e9e de lecture estim\u00e9e\" \/>\n\t<meta name=\"twitter:data1\" content=\"2 minutes\" \/>\n<script type=\"application\/ld+json\" class=\"yoast-schema-graph\">{\"@context\":\"https:\/\/schema.org\",\"@graph\":[{\"@type\":\"WebSite\",\"@id\":\"https:\/\/lombardagraniti.it\/#website\",\"url\":\"https:\/\/lombardagraniti.it\/\",\"name\":\"Lombarda graniti\",\"description\":\"Pietre porfidi Srl\",\"potentialAction\":[{\"@type\":\"SearchAction\",\"target\":{\"@type\":\"EntryPoint\",\"urlTemplate\":\"https:\/\/lombardagraniti.it\/?s={search_term_string}\"},\"query-input\":\"required name=search_term_string\"}],\"inLanguage\":\"fr-FR\"},{\"@type\":\"WebPage\",\"@id\":\"https:\/\/lombardagraniti.it\/fr\/autres-produits\/#webpage\",\"url\":\"https:\/\/lombardagraniti.it\/fr\/autres-produits\/\",\"name\":\"Autres produits - Lombarda graniti\",\"isPartOf\":{\"@id\":\"https:\/\/lombardagraniti.it\/#website\"},\"datePublished\":\"2021-09-15T10:14:40+00:00\",\"dateModified\":\"2022-05-12T13:26:05+00:00\",\"breadcrumb\":{\"@id\":\"https:\/\/lombardagraniti.it\/fr\/autres-produits\/#breadcrumb\"},\"inLanguage\":\"fr-FR\",\"potentialAction\":[{\"@type\":\"ReadAction\",\"target\":[\"https:\/\/lombardagraniti.it\/fr\/autres-produits\/\"]}]},{\"@type\":\"BreadcrumbList\",\"@id\":\"https:\/\/lombardagraniti.it\/fr\/autres-produits\/#breadcrumb\",\"itemListElement\":[{\"@type\":\"ListItem\",\"position\":1,\"name\":\"Home\",\"item\":\"https:\/\/lombardagraniti.it\/fr\/home\/\"},{\"@type\":\"ListItem\",\"position\":2,\"name\":\"Autres produits\"}]}]}<\/script>\n<!-- \/ Yoast SEO plugin. -->","yoast_head_json":{"title":"Autres produits - Lombarda graniti","robots":{"index":"index","follow":"follow","max-snippet":"max-snippet:-1","max-image-preview":"max-image-preview:large","max-video-preview":"max-video-preview:-1"},"canonical":"https:\/\/lombardagraniti.it\/fr\/autres-produits\/","og_locale":"fr_FR","og_type":"article","og_title":"Autres produits - Lombarda graniti","og_url":"https:\/\/lombardagraniti.it\/fr\/autres-produits\/","og_site_name":"Lombarda graniti","article_modified_time":"2022-05-12T13:26:05+00:00","twitter_card":"summary_large_image","twitter_misc":{"Dur\u00e9e de lecture estim\u00e9e":"2 minutes"},"schema":{"@context":"https:\/\/schema.org","@graph":[{"@type":"WebSite","@id":"https:\/\/lombardagraniti.it\/#website","url":"https:\/\/lombardagraniti.it\/","name":"Lombarda graniti","description":"Pietre porfidi Srl","potentialAction":[{"@type":"SearchAction","target":{"@type":"EntryPoint","urlTemplate":"https:\/\/lombardagraniti.it\/?s={search_term_string}"},"query-input":"required name=search_term_string"}],"inLanguage":"fr-FR"},{"@type":"WebPage","@id":"https:\/\/lombardagraniti.it\/fr\/autres-produits\/#webpage","url":"https:\/\/lombardagraniti.it\/fr\/autres-produits\/","name":"Autres produits - Lombarda graniti","isPartOf":{"@id":"https:\/\/lombardagraniti.it\/#website"},"datePublished":"2021-09-15T10:14:40+00:00","dateModified":"2022-05-12T13:26:05+00:00","breadcrumb":{"@id":"https:\/\/lombardagraniti.it\/fr\/autres-produits\/#breadcrumb"},"inLanguage":"fr-FR","potentialAction":[{"@type":"ReadAction","target":["https:\/\/lombardagraniti.it\/fr\/autres-produits\/"]}]},{"@type":"BreadcrumbList","@id":"https:\/\/lombardagraniti.it\/fr\/autres-produits\/#breadcrumb","itemListElement":[{"@type":"ListItem","position":1,"name":"Home","item":"https:\/\/lombardagraniti.it\/fr\/home\/"},{"@type":"ListItem","position":2,"name":"Autres produits"}]}]}},"_links":{"self":[{"href":"https:\/\/lombardagraniti.it\/fr\/wp-json\/wp\/v2\/pages\/2087"}],"collection":[{"href":"https:\/\/lombardagraniti.it\/fr\/wp-json\/wp\/v2\/pages"}],"about":[{"href":"https:\/\/lombardagraniti.it\/fr\/wp-json\/wp\/v2\/types\/page"}],"author":[{"embeddable":true,"href":"https:\/\/lombardagraniti.it\/fr\/wp-json\/wp\/v2\/users\/1"}],"replies":[{"embeddable":true,"href":"https:\/\/lombardagraniti.it\/fr\/wp-json\/wp\/v2\/comments?post=2087"}],"version-history":[{"count":8,"href":"https:\/\/lombardagraniti.it\/fr\/wp-json\/wp\/v2\/pages\/2087\/revisions"}],"predecessor-version":[{"id":2343,"href":"https:\/\/lombardagraniti.it\/fr\/wp-json\/wp\/v2\/pages\/2087\/revisions\/2343"}],"wp:attachment":[{"href":"https:\/\/lombardagraniti.it\/fr\/wp-json\/wp\/v2\/media?parent=2087"}],"curies":[{"name":"wp","href":"https:\/\/api.w.org\/{rel}","templated":true}]}}